{"id":212,"date":"2026-04-17T17:57:37","date_gmt":"2026-04-17T17:57:37","guid":{"rendered":"https:\/\/introkvir.online\/?post_type=product&#038;p=212"},"modified":"2026-04-17T17:57:52","modified_gmt":"2026-04-17T17:57:52","slug":"ik-ceger-18","status":"publish","type":"product","link":"https:\/\/introkvir.online\/en_us\/proizvod\/ik-ceger-18\/","title":{"rendered":"IK Ceger 18"},"content":{"rendered":"<p>IntroKvir cegeri sa LGBTQIA+ motivima, koje prave kvir \u017eene &#8211; za kvir ljude.<br \/>\nSpoj svakodnevne upotrebe i vidljivosti &#8211; bez potrebe da se uklapa\u0161 ili obja\u0161njava\u0161.<br \/>\nEkolo\u0161ki, prakti\u010dni i tu da budu deo tvoje svakodnevice, kakva god ona bila.<\/p>","protected":false},"excerpt":{"rendered":"<p>Kako poru\u010diti?<\/p>\n<p>Pi\u0161i nam na mejl introkvir@tuta.io ili putem Instagram DM-a (@introkvir). U poruci samo napi\u0161i \u0161ifru proizvoda (npr. ceg01) i koli\u010dinu \u2013 mi preuzimamo dalje.<\/p>\n<p>Va\u017ene informacije:<\/p>\n<p>Svaki ceger radimo po porud\u017ebini. Rok izrade je 3\u20135 radnih dana.<br \/>\nNakon \u0161to se dogovorimo, \u0161aljemo podatke za uplatu, a izrada i slanje po\u010dinju nakon uplate.<br \/>\nMogu\u0107e je li\u010dno preuzimanje u Novom Sadu ili isporuka na ku\u0107nu adresu. Anonimnost je zagarantovana.<\/p>","protected":false},"featured_media":175,"template":"","meta":[],"product_brand":[17],"product_cat":[18],"product_tag":[46,45,44],"class_list":{"0":"post-212","1":"product","2":"type-product","3":"status-publish","4":"has-post-thumbnail","6":"product_brand-introkvir","7":"product_cat-cegeri","8":"product_tag-introkvir","9":"product_tag-lgbtqia","10":"product_tag-novi-sad","12":"first","13":"instock","14":"shipping-taxable","15":"purchasable","16":"product-type-simple"},"_links":{"self":[{"href":"https:\/\/introkvir.online\/en_us\/wp-json\/wp\/v2\/product\/212","targetHints":{"allow":["GET"]}}],"collection":[{"href":"https:\/\/introkvir.online\/en_us\/wp-json\/wp\/v2\/product"}],"about":[{"href":"https:\/\/introkvir.online\/en_us\/wp-json\/wp\/v2\/types\/product"}],"wp:featuredmedia":[{"embeddable":true,"href":"https:\/\/introkvir.online\/en_us\/wp-json\/wp\/v2\/media\/175"}],"wp:attachment":[{"href":"https:\/\/introkvir.online\/en_us\/wp-json\/wp\/v2\/media?parent=212"}],"wp:term":[{"taxonomy":"product_brand","embeddable":true,"href":"https:\/\/introkvir.online\/en_us\/wp-json\/wp\/v2\/product_brand?post=212"},{"taxonomy":"product_cat","embeddable":true,"href":"https:\/\/introkvir.online\/en_us\/wp-json\/wp\/v2\/product_cat?post=212"},{"taxonomy":"product_tag","embeddable":true,"href":"https:\/\/introkvir.online\/en_us\/wp-json\/wp\/v2\/product_tag?post=212"}],"curies":[{"name":"wp","href":"https:\/\/api.w.org\/{rel}","templated":true}]}}