{"id":258,"date":"2026-04-18T16:15:02","date_gmt":"2026-04-18T16:15:02","guid":{"rendered":"https:\/\/introkvir.online\/?post_type=product&#038;p=258"},"modified":"2026-04-18T16:15:40","modified_gmt":"2026-04-18T16:15:40","slug":"ik-cestitka-08","status":"publish","type":"product","link":"https:\/\/introkvir.online\/en_us\/proizvod\/ik-cestitka-08\/","title":{"rendered":"IK \u010cestitka 08"},"content":{"rendered":"<div class=\"wp-block-post-excerpt\">\n<p class=\"wp-block-post-excerpt__excerpt\">Kako poru\u010diti? Pi\u0161i nam na mejl introkvir@tuta.io ili putem Instagram DM-a (@introkvir). U poruci samo napi\u0161i \u0161ifru proizvoda (npr. ces01) i koli\u010dinu \u2013 mi preuzimamo dalje. Va\u017ene informacije: Svaku \u010destitku radimo po porud\u017ebini. Rok izrade je 3\u20135 radnih dana. Nakon \u0161to se dogovorimo, \u0161aljemo podatke za uplatu, a izrada i slanje po\u010dinju nakon uplate. Mogu\u0107e je li\u010dno preuzimanje u Novom Sadu ili isporuka na ku\u0107nu adresu. Anonimnost je zagarantovana. Napomena: U cenu su uklju\u010dene i koverte.<\/p>\n<\/div>","protected":false},"excerpt":{"rendered":"<p>IntroKvir \u010destitke sa LGBTQIA+ motivima, koje prave kvir \u017eene \u2013 za kvir ljude.<br \/>\nKona\u010dno mo\u017ee\u0161 da pokloni\u0161 \u010destitku koja te stvarno predstavlja, bez tra\u017eenja kompromisa po prodavnicama.<br \/>\nTu su za male i velike trenutke \u2013 da ka\u017ee\u0161 ne\u0161to lepo, iskreno ili jednostavno svoje.<\/p>","protected":false},"featured_media":239,"template":"","meta":[],"product_brand":[17],"product_cat":[19],"product_tag":[45,44],"class_list":{"0":"post-258","1":"product","2":"type-product","3":"status-publish","4":"has-post-thumbnail","6":"product_brand-introkvir","7":"product_cat-cestitke","8":"product_tag-lgbtqia","9":"product_tag-novi-sad","11":"first","12":"instock","13":"shipping-taxable","14":"purchasable","15":"product-type-simple"},"_links":{"self":[{"href":"https:\/\/introkvir.online\/en_us\/wp-json\/wp\/v2\/product\/258","targetHints":{"allow":["GET"]}}],"collection":[{"href":"https:\/\/introkvir.online\/en_us\/wp-json\/wp\/v2\/product"}],"about":[{"href":"https:\/\/introkvir.online\/en_us\/wp-json\/wp\/v2\/types\/product"}],"wp:featuredmedia":[{"embeddable":true,"href":"https:\/\/introkvir.online\/en_us\/wp-json\/wp\/v2\/media\/239"}],"wp:attachment":[{"href":"https:\/\/introkvir.online\/en_us\/wp-json\/wp\/v2\/media?parent=258"}],"wp:term":[{"taxonomy":"product_brand","embeddable":true,"href":"https:\/\/introkvir.online\/en_us\/wp-json\/wp\/v2\/product_brand?post=258"},{"taxonomy":"product_cat","embeddable":true,"href":"https:\/\/introkvir.online\/en_us\/wp-json\/wp\/v2\/product_cat?post=258"},{"taxonomy":"product_tag","embeddable":true,"href":"https:\/\/introkvir.online\/en_us\/wp-json\/wp\/v2\/product_tag?post=258"}],"curies":[{"name":"wp","href":"https:\/\/api.w.org\/{rel}","templated":true}]}}